{"id":307,"date":"2018-05-02T16:03:42","date_gmt":"2018-05-02T14:03:42","guid":{"rendered":"http:\/\/houtmethistorie.mediasoep.nl\/?page_id=307"},"modified":"2024-07-04T16:02:12","modified_gmt":"2024-07-04T14:02:12","slug":"innenraum-inspiration-alt-holz","status":"publish","type":"page","link":"https:\/\/www.houtmethistorie.nl\/de\/interieur-inspiratie-oud-hout\/","title":{"rendered":"Innere Inspiration"},"content":{"rendered":"","protected":false},"excerpt":{"rendered":"","protected":false},"author":2,"featured_media":0,"parent":0,"menu_order":0,"comment_status":"closed","ping_status":"closed","template":"","meta":{"_acf_changed":false,"inline_featured_image":false,"_joinchat":[],"footnotes":""},"class_list":["post-307","page","type-page","status-publish","hentry"],"acf":{"content":[{"acf_fc_layout":"static_content","choose_content":"page-header"},{"acf_fc_layout":"static_content","choose_content":"breadcrumbs"},{"acf_fc_layout":"title","text":"Interieur inspiratie gericht op oud hout","title_tag":"h1","title_size":"h2","alignment":"text-left","title_logo":false,"logo_color":""},{"acf_fc_layout":"text","text_column_1":"<p><strong>Laat je inspireren! Op deze pagina\u2019s kun jij woninginspiratie op doen. Let wel, het is woninginspiratie gericht op het gebruik van meubels van oud hout. Onze gecertificeerde meubelmakers maken de mooiste eindproducten van dit oude hout. Ge\u00efnspireerd geraakt? Kom dan eenvoudig in contact met een meubelmaker bij jou uit de buurt en kijk wat hij voor jou kan betekenen.<\/strong><\/p>\n","text_column_2":"","columns":"12"},{"acf_fc_layout":"static_content","choose_content":"eind-producten"},{"acf_fc_layout":"static_content","choose_content":"usps"},{"acf_fc_layout":"static_content","choose_content":"search-maker"},{"acf_fc_layout":"title","text":"Oud hout","title_tag":"h2","title_size":"h2","alignment":"text-left","title_logo":false,"logo_color":""},{"acf_fc_layout":"text","text_column_1":"<p class=\"normal\" style=\"text-align: justify;\"><strong><span lang=\"nl\">Wij zijn houtjutters. Wij zoeken heel Europa af naar oud hout. Zo komen we terecht bij verlaten schuren in de Oostenrijkse bergen, oude goederenwagons in Polen en afgeschreven meerpalen uit de Rotterdamse Haven. Dit hout halen wij naar Nederland en verwerken wij tot bruikbare planken voor onze meubelmakers. Meubels van oud hout geven uw huis karakter. Bekijk hier snel al onze houtsoorten \u00e9n hun verhaal. <\/span><\/strong><\/p>\n","text_column_2":"","columns":"12"},{"acf_fc_layout":"static_content","choose_content":"wood-sorts"},{"acf_fc_layout":"static_content","choose_content":"social-blocks"}],"title_logo":false,"logo_color":"","summary":"","image":false,"achtergrond":{"ID":862,"id":862,"title":"Badkamermeubel2-min","filename":"Badkamermeubel2-min-e1552655389560.jpg","filesize":307367,"url":"https:\/\/www.houtmethistorie.nl\/wp-content\/uploads\/2018\/10\/Badkamermeubel2-min-e1552655389560.jpg","link":"https:\/\/www.houtmethistorie.nl\/de\/interieur-inspiratie-oud-hout\/attachment\/badkamermeubel2-min\/","alt":"","author":"2","description":"","caption":"","name":"badkamermeubel2-min","status":"inherit","uploaded_to":307,"date":"2018-10-30 10:58:48","modified":"2018-10-30 11:10:04","menu_order":0,"mime_type":"image\/jpeg","type":"image","subtype":"jpeg","icon":"https:\/\/www.houtmethistorie.nl\/wp-includes\/images\/media\/default.png","width":2000,"height":1333,"sizes":{"thumbnail":"https:\/\/www.houtmethistorie.nl\/wp-content\/uploads\/2018\/10\/Badkamermeubel2-min-e1552655389560-150x150.jpg","thumbnail-width":150,"thumbnail-height":150,"medium":"https:\/\/www.houtmethistorie.nl\/wp-content\/uploads\/2018\/10\/Badkamermeubel2-min-e1552655389560-300x200.jpg","medium-width":300,"medium-height":200,"medium_large":"https:\/\/www.houtmethistorie.nl\/wp-content\/uploads\/2018\/10\/Badkamermeubel2-min-e1552655389560-768x512.jpg","medium_large-width":768,"medium_large-height":512,"large":"https:\/\/www.houtmethistorie.nl\/wp-content\/uploads\/2018\/10\/Badkamermeubel2-min-e1552655389560-1024x682.jpg","large-width":1024,"large-height":682,"1536x1536":"https:\/\/www.houtmethistorie.nl\/wp-content\/uploads\/2018\/10\/Badkamermeubel2-min-e1552655389560-1536x1024.jpg","1536x1536-width":1536,"1536x1536-height":1024,"2048x2048":"https:\/\/www.houtmethistorie.nl\/wp-content\/uploads\/2018\/10\/Badkamermeubel2-min-e1552655389560.jpg","2048x2048-width":2000,"2048x2048-height":1333,"trp-custom-language-flag":"https:\/\/www.houtmethistorie.nl\/wp-content\/uploads\/2018\/10\/Badkamermeubel2-min-e1552655389560.jpg","trp-custom-language-flag-width":18,"trp-custom-language-flag-height":12,"card-img":"https:\/\/www.houtmethistorie.nl\/wp-content\/uploads\/2018\/10\/Badkamermeubel2-min-e1552655389560-680x450.jpg","card-img-width":680,"card-img-height":450,"card-img-small":"https:\/\/www.houtmethistorie.nl\/wp-content\/uploads\/2018\/10\/Badkamermeubel2-min-e1552655389560-480x270.jpg","card-img-small-width":480,"card-img-small-height":270,"post-thumbnail":"https:\/\/www.houtmethistorie.nl\/wp-content\/uploads\/2018\/10\/Badkamermeubel2-min-e1552655389560-125x125.jpg","post-thumbnail-width":125,"post-thumbnail-height":125,"gform-image-choice-sm":"https:\/\/www.houtmethistorie.nl\/wp-content\/uploads\/2018\/10\/Badkamermeubel2-min-e1552655389560.jpg","gform-image-choice-sm-width":300,"gform-image-choice-sm-height":200,"gform-image-choice-md":"https:\/\/www.houtmethistorie.nl\/wp-content\/uploads\/2018\/10\/Badkamermeubel2-min-e1552655389560.jpg","gform-image-choice-md-width":400,"gform-image-choice-md-height":267,"gform-image-choice-lg":"https:\/\/www.houtmethistorie.nl\/wp-content\/uploads\/2018\/10\/Badkamermeubel2-min-e1552655389560.jpg","gform-image-choice-lg-width":600,"gform-image-choice-lg-height":400}},"sub_title":"<p>Gecharmeerd van\u00a0<em>oud hout<\/em>\u00a0maar weet u niet hoe dit toe te passen in uw interieur?<\/p>\n","title_header":"Interieur inspiratie"},"yoast_head":"<!-- This site is optimized with the Yoast SEO plugin v27.1.1 - https:\/\/yoast.com\/product\/yoast-seo-wordpress\/ -->\n<title>Interieur Inspiratie met Oud Hout | Hout met Historie<\/title>\n<meta name=\"description\" content=\"Ontdek unieke interieur inspiratie met oud hout. Laat je inspireren door meubels van gecertificeerde meubelmakers. Bezoek Hout met Historie voor meer idee\u00ebn.\" \/>\n<meta name=\"robots\" content=\"index, follow, max-snippet:-1, max-image-preview:large, max-video-preview:-1\" \/>\n<link rel=\"canonical\" href=\"https:\/\/www.houtmethistorie.nl\/de\/innenraum-inspiration-alt-holz\/\" \/>\n<meta property=\"og:locale\" content=\"de_DE\" \/>\n<meta property=\"og:type\" content=\"article\" \/>\n<meta property=\"og:title\" content=\"Interieur inspiratie\" \/>\n<meta property=\"og:description\" content=\"Laat je inspireren! Op deze pagina\u2019s kun jij woninginspiratie op doen. Let wel, het is woninginspiratie gericht op het gebruik van meubels van oud hout. Onze gecertificeerde meubelmakers maken de mooiste eindproducten van dit oude hout. Ge\u00efnspireerd geraakt? Kom dan eenvoudig in contact met een meubelmaker bij jou uit de buurt en kijk wat hij voor jou kan betekenen.\" \/>\n<meta property=\"og:url\" content=\"https:\/\/www.houtmethistorie.nl\/de\/innenraum-inspiration-alt-holz\/\" \/>\n<meta property=\"og:site_name\" content=\"Hout met Historie\" \/>\n<meta property=\"article:publisher\" content=\"https:\/\/www.facebook.com\/houtmethistorie\" \/>\n<meta property=\"article:modified_time\" content=\"2024-07-04T14:02:12+00:00\" \/>\n<meta property=\"og:image\" content=\"https:\/\/www.houtmethistorie.nl\/wp-content\/uploads\/2018\/10\/Badkamermeubel2-min-e1552655389560.jpg\" \/>\n\t<meta property=\"og:image:width\" content=\"2000\" \/>\n\t<meta property=\"og:image:height\" content=\"1333\" \/>\n\t<meta property=\"og:image:type\" content=\"image\/jpeg\" \/>\n<meta name=\"twitter:card\" content=\"summary_large_image\" \/>\n<meta name=\"twitter:label1\" content=\"Gesch\u00e4tzte Lesezeit\" \/>\n\t<meta name=\"twitter:data1\" content=\"1\u00a0Minute\" \/>\n<!-- \/ Yoast SEO plugin. -->","yoast_head_json":{"title":"Interior Inspiration mit altem Holz | Holz mit Geschichte","description":"Entdecken Sie einzigartige Inspirationen f\u00fcr die Inneneinrichtung mit altem Holz. Lassen Sie sich von M\u00f6beln zertifizierter M\u00f6belhersteller inspirieren. Besuchen Sie Holz mit Geschichte f\u00fcr weitere Ideen.","robots":{"index":"index","follow":"follow","max-snippet":"max-snippet:-1","max-image-preview":"max-image-preview:large","max-video-preview":"max-video-preview:-1"},"canonical":"https:\/\/www.houtmethistorie.nl\/de\/innenraum-inspiration-alt-holz\/","og_locale":"de_DE","og_type":"article","og_title":"Interieur inspiratie","og_description":"Laat je inspireren! Op deze pagina\u2019s kun jij woninginspiratie op doen. Let wel, het is woninginspiratie gericht op het gebruik van meubels van oud hout. Onze gecertificeerde meubelmakers maken de mooiste eindproducten van dit oude hout. Ge\u00efnspireerd geraakt? Kom dan eenvoudig in contact met een meubelmaker bij jou uit de buurt en kijk wat hij voor jou kan betekenen.","og_url":"https:\/\/www.houtmethistorie.nl\/de\/innenraum-inspiration-alt-holz\/","og_site_name":"Hout met Historie","article_publisher":"https:\/\/www.facebook.com\/houtmethistorie","article_modified_time":"2024-07-04T14:02:12+00:00","og_image":[{"width":2000,"height":1333,"url":"https:\/\/www.houtmethistorie.nl\/wp-content\/uploads\/2018\/10\/Badkamermeubel2-min-e1552655389560.jpg","type":"image\/jpeg"}],"twitter_card":"summary_large_image","twitter_misc":{"Gesch\u00e4tzte Lesezeit":"1\u00a0Minute"},"schema":{"@context":"https:\/\/schema.org","@graph":[{"@type":"WebPage","@id":"https:\/\/www.houtmethistorie.nl\/interieur-inspiratie-oud-hout\/","url":"https:\/\/www.houtmethistorie.nl\/interieur-inspiratie-oud-hout\/","name":"Interior Inspiration mit altem Holz | Holz mit Geschichte","isPartOf":{"@id":"https:\/\/www.houtmethistorie.nl\/#website"},"datePublished":"2018-05-02T14:03:42+00:00","dateModified":"2024-07-04T14:02:12+00:00","description":"Entdecken Sie einzigartige Inspirationen f\u00fcr die Inneneinrichtung mit altem Holz. Lassen Sie sich von M\u00f6beln zertifizierter M\u00f6belhersteller inspirieren. Besuchen Sie Holz mit Geschichte f\u00fcr weitere Ideen.","breadcrumb":{"@id":"https:\/\/www.houtmethistorie.nl\/interieur-inspiratie-oud-hout\/#breadcrumb"},"inLanguage":"de","potentialAction":[{"@type":"ReadAction","target":["https:\/\/www.houtmethistorie.nl\/interieur-inspiratie-oud-hout\/"]}]},{"@type":"BreadcrumbList","@id":"https:\/\/www.houtmethistorie.nl\/interieur-inspiratie-oud-hout\/#breadcrumb","itemListElement":[{"@type":"ListItem","position":1,"name":"Home","item":"https:\/\/www.houtmethistorie.nl\/"},{"@type":"ListItem","position":2,"name":"Interieur inspiratie"}]},{"@type":"WebSite","@id":"https:\/\/www.houtmethistorie.nl\/#website","url":"https:\/\/www.houtmethistorie.nl\/","name":"Holz mit Geschichte","description":"","publisher":{"@id":"https:\/\/www.houtmethistorie.nl\/#organization"},"potentialAction":[{"@type":"SearchAction","target":{"@type":"EntryPoint","urlTemplate":"https:\/\/www.houtmethistorie.nl\/?s={search_term_string}"},"query-input":{"@type":"PropertyValueSpecification","valueRequired":true,"valueName":"search_term_string"}}],"inLanguage":"de"},{"@type":"Organization","@id":"https:\/\/www.houtmethistorie.nl\/#organization","name":"Holz mit Geschichte","url":"https:\/\/www.houtmethistorie.nl\/","logo":{"@type":"ImageObject","inLanguage":"de","@id":"https:\/\/www.houtmethistorie.nl\/#\/schema\/logo\/image\/","url":"https:\/\/www.houtmethistorie.nl\/wp-content\/uploads\/logo.svg","contentUrl":"https:\/\/www.houtmethistorie.nl\/wp-content\/uploads\/logo.svg","width":1,"height":1,"caption":"Hout met Historie"},"image":{"@id":"https:\/\/www.houtmethistorie.nl\/#\/schema\/logo\/image\/"},"sameAs":["https:\/\/www.facebook.com\/houtmethistorie","https:\/\/www.instagram.com\/houtmethistorie\/","https:\/\/nl.pinterest.com\/houtmethistorie\/"]}]}},"_links":{"self":[{"href":"https:\/\/www.houtmethistorie.nl\/de\/wp-json\/wp\/v2\/pages\/307","targetHints":{"allow":["GET"]}}],"collection":[{"href":"https:\/\/www.houtmethistorie.nl\/de\/wp-json\/wp\/v2\/pages"}],"about":[{"href":"https:\/\/www.houtmethistorie.nl\/de\/wp-json\/wp\/v2\/types\/page"}],"author":[{"embeddable":true,"href":"https:\/\/www.houtmethistorie.nl\/de\/wp-json\/wp\/v2\/users\/2"}],"replies":[{"embeddable":true,"href":"https:\/\/www.houtmethistorie.nl\/de\/wp-json\/wp\/v2\/comments?post=307"}],"version-history":[{"count":6,"href":"https:\/\/www.houtmethistorie.nl\/de\/wp-json\/wp\/v2\/pages\/307\/revisions"}],"predecessor-version":[{"id":1573,"href":"https:\/\/www.houtmethistorie.nl\/de\/wp-json\/wp\/v2\/pages\/307\/revisions\/1573"}],"wp:attachment":[{"href":"https:\/\/www.houtmethistorie.nl\/de\/wp-json\/wp\/v2\/media?parent=307"}],"curies":[{"name":"wp","href":"https:\/\/api.w.org\/{rel}","templated":true}]}}