{"id":32,"date":"2017-09-07T16:16:37","date_gmt":"2017-09-07T14:16:37","guid":{"rendered":"http:\/\/houtmethistorie.mediasoep.nl\/?page_id=32"},"modified":"2024-07-04T16:28:39","modified_gmt":"2024-07-04T14:28:39","slug":"startseite","status":"publish","type":"page","link":"https:\/\/www.houtmethistorie.nl\/de\/","title":{"rendered":"Startseite"},"content":{"rendered":"<p>Lorem ipsum dolor sit amet, consectetur adipiscing elit. Proin odio erat, pellentesque vitae pharetra sed, pharetra vel felis. Quisque non aliquam risus. Quisque euismod quam id risus sodales posuere. Fusce vitae ex quis ipsum laoreet dignissim ac vitae magna. Quisque hendrerit massa lacus, a dapibus diam faucibus a. Pellentesque dolor est, rutrum in mauris a, maximus placerat massa. Sed eget vestibulum purus, eleifend efficitur augue. Phasellus porttitor sodales nulla, ut euismod metus hendrerit vitae. Proin vehicula nec dolor ac ultricies.<\/p>\n<p>Aliquam tincidunt ex ut dictum lacinia. Sed condimentum massa id diam semper rutrum. Proin nisl lectus, molestie non ligula eget, sollicitudin blandit turpis. In vel congue neque. Etiam maximus ultricies neque, a vestibulum justo consectetur in. Morbi volutpat orci nunc, vitae efficitur lorem lobortis vel. Nulla ac convallis tortor.<\/p>\n<p>Sed arcu enim, volutpat ut nunc sed, interdum fermentum risus. Donec aliquam vehicula lacus at lobortis. Proin in ligula tellus. Ut sodales pellentesque augue, sit amet efficitur velit gravida bibendum. Ut consequat tempor elit, a vehicula purus eleifend vel. Maecenas porta pretium leo sed mattis. Phasellus bibendum pretium libero, eu molestie orci malesuada suscipit. Maecenas semper dui vel dolor auctor, ut viverra leo vehicula. Cras ut tempor ipsum. In vitae nulla justo. Vivamus elementum tellus id ante posuere, quis tincidunt turpis feugiat.<\/p>\n<p>Praesent ac ante mollis, facilisis nisl eu, luctus velit. Suspendisse congue dapibus interdum. Nullam blandit erat sit amet urna placerat volutpat. Vivamus sit amet leo auctor, ornare magna non, rhoncus tortor. Fusce sodales eget nulla sed egestas. Quisque finibus sem id fringilla aliquet. Praesent sodales, lectus auctor dapibus egestas, nulla turpis malesuada augue, in auctor nisl sed justo. Suspendisse potenti. Duis sed bibendum arcu. Etiam ullamcorper pharetra dui, sed ullamcorper nunc luctus at.<\/p>\n<p>Cras sit amet odio posuere, molestie lacus a, consectetur sapien. Cras porta lacus eget tortor lacinia auctor. Aliquam nec nulla ac odio tincidunt rutrum. Vestibulum lectus felis, tempor ut varius in, rutrum quis est. Praesent fringilla vel nibh porta malesuada. Nam vitae interdum augue. Pellentesque sit amet orci id purus laoreet tempor non sit amet elit. Curabitur varius, diam et efficitur pellentesque, elit erat tempor arcu, a aliquet sem ipsum vitae orci. In quam ex, finibus sed sapien sed, elementum porttitor tellus. Aenean ac rhoncus purus.<\/p>\n<ul id=\"example-tabs\" class=\"tabs\" data-responsive-accordion-tabs=\"tabs medium-accordion large-tabs\">\n<li class=\"tabs-title is-active\"><a href=\"#panel1\" aria-selected=\"true\">Registerkarte 1<\/a><\/li>\n<li class=\"tabs-title\"><a href=\"#panel2\">Registerkarte 2<\/a><\/li>\n<li class=\"tabs-title\"><a href=\"#panel3\">Registerkarte 3<\/a><\/li>\n<li class=\"tabs-title\"><a href=\"#panel4\">Registerkarte 4<\/a><\/li>\n<li class=\"tabs-title\"><a href=\"#panel5\">Registerkarte 5<\/a><\/li>\n<li class=\"tabs-title\"><a href=\"#panel6\">Tab. 6<\/a><\/li>\n<\/ul>\n<div class=\"tabs-content\" data-tabs-content=\"example-tabs\">\n<div id=\"panel1\" class=\"tabs-panel is-active\">\n<p>eine<\/p>\n<p>Seht mich an! Ich bin ein super cooles Tab-Panel mit Textinhalt!<\/p>\n<\/div>\n<div id=\"panel2\" class=\"tabs-panel\">\n<p>zwei<\/p>\n<p><img decoding=\"async\" class=\"thumbnail lazyload\" data-src=\"assets\/img\/generic\/rectangle-7.jpg\" src=\"data:image\/gif;base64,R0lGODlhAQABAAAAACH5BAEKAAEALAAAAAABAAEAAAICTAEAOw==\" \/><noscript><img decoding=\"async\" class=\"thumbnail\" src=\"assets\/img\/generic\/rectangle-7.jpg\" \/><\/noscript><\/p>\n<\/div>\n<div id=\"panel3\" class=\"tabs-panel\">\n<p>drei<\/p>\n<p>Seht mich an! Ich bin ein super cooles Tab-Panel mit Textinhalt!<\/p>\n<\/div>\n<div id=\"panel4\" class=\"tabs-panel\">\n<p>vier<\/p>\n<p><img decoding=\"async\" class=\"thumbnail lazyload\" data-src=\"assets\/img\/generic\/rectangle-2.jpg\" src=\"data:image\/gif;base64,R0lGODlhAQABAAAAACH5BAEKAAEALAAAAAABAAEAAAICTAEAOw==\" \/><noscript><img decoding=\"async\" class=\"thumbnail\" src=\"assets\/img\/generic\/rectangle-2.jpg\" \/><\/noscript><\/p>\n<\/div>\n<div id=\"panel5\" class=\"tabs-panel\">\n<p>f\u00fcnf<\/p>\n<p>Seht mich an! Ich bin ein super cooles Tab-Panel mit Textinhalt!<\/p>\n<\/div>\n<div id=\"panel6\" class=\"tabs-panel\">\n<p>sechs<\/p>\n<p><img decoding=\"async\" class=\"thumbnail lazyload\" data-src=\"assets\/img\/generic\/rectangle-8.jpg\" src=\"data:image\/gif;base64,R0lGODlhAQABAAAAACH5BAEKAAEALAAAAAABAAEAAAICTAEAOw==\" \/><noscript><img decoding=\"async\" class=\"thumbnail\" src=\"assets\/img\/generic\/rectangle-8.jpg\" \/><\/noscript><\/p>\n<\/div>\n<\/div>","protected":false},"excerpt":{"rendered":"<p>Lorem ipsum dolor sit amet, consectetur adipiscing elit. Proin odio erat, pellentesque vitae pharetra sed, pharetra vel felis. Quisque non aliquam risus. Quisque euismod quam id risus sodales posuere. Fusce vitae ex quis ipsum laoreet dignissim ac vitae magna. Quisque hendrerit massa lacus, a dapibus diam faucibus a. Pellentesque dolor est, rutrum in mauris a,<a class=\"excerpt-read-more\" href=\"https:\/\/www.houtmethistorie.nl\/de\/\" title=\"ReadHome\">Mehr lesen \"<\/a><\/p>","protected":false},"author":2,"featured_media":1324,"parent":0,"menu_order":0,"comment_status":"closed","ping_status":"closed","template":"","meta":{"_acf_changed":false,"inline_featured_image":false,"_joinchat":[],"footnotes":""},"class_list":["post-32","page","type-page","status-publish","has-post-thumbnail","hentry"],"acf":{"content":[{"acf_fc_layout":"static_content","choose_content":"home-header"},{"acf_fc_layout":"title","text":"Hout met historie","title_tag":"h1","title_size":"h1","alignment":"text-center","title_logo":false,"logo_color":""},{"acf_fc_layout":"text","text_column_1":"<p style=\"text-align: center;\"><em>\u201cWij geloven in producten van hout met een verleden. Echt hout heeft in onze ogen een eigen karakter en verleden. Hout dat is \u2018gerijpt\u2019 en gevormd door intensief gebruik en het verstrijken van de tijd. Hout, wat een verhaal vertelt en waar een ziel in staat gegroefd. Wij geloven dat je dit hout moet vinden en koesteren. Wij geloven dat deze verhalen niet verloren mogen gaan. Daarom zijn wij continu op zoek naar oud hout met een rijke geschiedenis. Van schuur tot treinwagon, van oude balken en vloerplanken tot meerpalen: wij verzamelen het beste hout en zorgen dat de geschiedenis van dit hout voort kan leven in mooie, nieuwe producten.\u201d<\/em><\/p>\n","text_column_2":"","columns":"12"},{"acf_fc_layout":"button","text":"Over ons","link":{"title":"","url":"https:\/\/www.houtmethistorie.nl\/over-hmh\/","target":""},"style":"button-skewed","button_color":"#335873"},{"acf_fc_layout":"static_content","choose_content":"wood-species-slider"},{"acf_fc_layout":"static_content","choose_content":"social-blocks"},{"acf_fc_layout":"static_content","choose_content":"related-content-houtloods"}],"summary":"","image":false,"achtergrond":{"ID":926,"id":926,"title":"HMH-HEADER1121-crop-min","filename":"HMH-HEADER1121-crop-min-scaled.jpg","filesize":495158,"url":"https:\/\/www.houtmethistorie.nl\/wp-content\/uploads\/2019\/03\/HMH-HEADER1121-crop-min-scaled.jpg","link":"https:\/\/www.houtmethistorie.nl\/de\/home\/attachment\/hmh-header1121-crop-min\/","alt":"","author":"2","description":"","caption":"","name":"hmh-header1121-crop-min","status":"inherit","uploaded_to":32,"date":"2019-03-29 14:01:23","modified":"2019-03-29 14:01:23","menu_order":0,"mime_type":"image\/jpeg","type":"image","subtype":"jpeg","icon":"https:\/\/www.houtmethistorie.nl\/wp-includes\/images\/media\/default.png","width":2560,"height":1233,"sizes":{"thumbnail":"https:\/\/www.houtmethistorie.nl\/wp-content\/uploads\/2019\/03\/HMH-HEADER1121-crop-min-150x150.jpg","thumbnail-width":150,"thumbnail-height":150,"medium":"https:\/\/www.houtmethistorie.nl\/wp-content\/uploads\/2019\/03\/HMH-HEADER1121-crop-min-300x144.jpg","medium-width":300,"medium-height":144,"medium_large":"https:\/\/www.houtmethistorie.nl\/wp-content\/uploads\/2019\/03\/HMH-HEADER1121-crop-min-768x370.jpg","medium_large-width":768,"medium_large-height":370,"large":"https:\/\/www.houtmethistorie.nl\/wp-content\/uploads\/2019\/03\/HMH-HEADER1121-crop-min-1024x493.jpg","large-width":1024,"large-height":493,"1536x1536":"https:\/\/www.houtmethistorie.nl\/wp-content\/uploads\/2019\/03\/HMH-HEADER1121-crop-min-1536x740.jpg","1536x1536-width":1536,"1536x1536-height":740,"2048x2048":"https:\/\/www.houtmethistorie.nl\/wp-content\/uploads\/2019\/03\/HMH-HEADER1121-crop-min-2048x986.jpg","2048x2048-width":2048,"2048x2048-height":986,"trp-custom-language-flag":"https:\/\/www.houtmethistorie.nl\/wp-content\/uploads\/2019\/03\/HMH-HEADER1121-crop-min-scaled.jpg","trp-custom-language-flag-width":18,"trp-custom-language-flag-height":9,"card-img":"https:\/\/www.houtmethistorie.nl\/wp-content\/uploads\/2019\/03\/HMH-HEADER1121-crop-min-680x450.jpg","card-img-width":680,"card-img-height":450,"card-img-small":"https:\/\/www.houtmethistorie.nl\/wp-content\/uploads\/2019\/03\/HMH-HEADER1121-crop-min-480x270.jpg","card-img-small-width":480,"card-img-small-height":270,"post-thumbnail":"https:\/\/www.houtmethistorie.nl\/wp-content\/uploads\/2019\/03\/HMH-HEADER1121-crop-min-125x125.jpg","post-thumbnail-width":125,"post-thumbnail-height":125,"gform-image-choice-sm":"https:\/\/www.houtmethistorie.nl\/wp-content\/uploads\/2019\/03\/HMH-HEADER1121-crop-min-scaled.jpg","gform-image-choice-sm-width":300,"gform-image-choice-sm-height":144,"gform-image-choice-md":"https:\/\/www.houtmethistorie.nl\/wp-content\/uploads\/2019\/03\/HMH-HEADER1121-crop-min-scaled.jpg","gform-image-choice-md-width":400,"gform-image-choice-md-height":193,"gform-image-choice-lg":"https:\/\/www.houtmethistorie.nl\/wp-content\/uploads\/2019\/03\/HMH-HEADER1121-crop-min-scaled.jpg","gform-image-choice-lg-width":600,"gform-image-choice-lg-height":289}},"title_logo":false,"logo_color":"","sub_title":"<p>Wij verzamelen oud hout door heel Europa en brengen dit bij jou als maker. Dit unieke hout verdient een nieuw leven. Oud hout, doorleefd en blootgesteld aan elementen en beproevingen. Hout met karakter. Hout met een verhaal. Hout met historie.<\/p>\n","title_header":"Wij zijn houtjutters!"},"yoast_head":"<!-- This site is optimized with the Yoast SEO plugin v27.1.1 - https:\/\/yoast.com\/product\/yoast-seo-wordpress\/ -->\n<title>Hout met Historie - #1 Houthandelaar voor Oud Hout in Nederland<\/title>\n<meta name=\"description\" content=\"Ontdek de grootste collectie oud hout voor zakelijk en particulier gebruik. Altijd op voorraad, op maat gezaagd en leverbaar in grote partijen. Bekijk onze collectie!\" \/>\n<meta name=\"robots\" content=\"index, follow, max-snippet:-1, max-image-preview:large, max-video-preview:-1\" \/>\n<link rel=\"canonical\" href=\"https:\/\/www.houtmethistorie.nl\/de\/\" \/>\n<meta property=\"og:locale\" content=\"de_DE\" \/>\n<meta property=\"og:type\" content=\"article\" \/>\n<meta property=\"og:title\" content=\"Hout met Historie - #1 Houthandelaar voor Oud Hout in Nederland\" \/>\n<meta property=\"og:description\" content=\"Ontdek de grootste collectie oud hout voor zakelijk en particulier gebruik. Altijd op voorraad, op maat gezaagd en leverbaar in grote partijen. Bekijk onze collectie!\" \/>\n<meta property=\"og:url\" content=\"https:\/\/www.houtmethistorie.nl\/de\/\" \/>\n<meta property=\"og:site_name\" content=\"Hout met Historie\" \/>\n<meta property=\"article:publisher\" content=\"https:\/\/www.facebook.com\/houtmethistorie\" \/>\n<meta property=\"article:modified_time\" content=\"2024-07-04T14:28:39+00:00\" \/>\n<meta property=\"og:image\" content=\"https:\/\/www.houtmethistorie.nl\/wp-content\/uploads\/2020\/11\/hout-met-historie.jpg\" \/>\n\t<meta property=\"og:image:width\" content=\"744\" \/>\n\t<meta property=\"og:image:height\" content=\"744\" \/>\n\t<meta property=\"og:image:type\" content=\"image\/jpeg\" \/>\n<meta name=\"twitter:card\" content=\"summary_large_image\" \/>\n<meta name=\"twitter:label1\" content=\"Gesch\u00e4tzte Lesezeit\" \/>\n\t<meta name=\"twitter:data1\" content=\"4\u00a0Minuten\" \/>\n<!-- \/ Yoast SEO plugin. -->","yoast_head_json":{"title":"Holz mit Geschichte - #1 Holzh\u00e4ndler f\u00fcr Altholz in den Niederlanden","description":"Entdecken Sie die gr\u00f6\u00dfte Sammlung von Altholz f\u00fcr den gewerblichen und privaten Gebrauch. Immer auf Lager, auf Ma\u00df geschnitten und in gro\u00dfen Mengen verf\u00fcgbar. Sehen Sie sich unsere Kollektion an!","robots":{"index":"index","follow":"follow","max-snippet":"max-snippet:-1","max-image-preview":"max-image-preview:large","max-video-preview":"max-video-preview:-1"},"canonical":"https:\/\/www.houtmethistorie.nl\/de\/","og_locale":"de_DE","og_type":"article","og_title":"Hout met Historie - #1 Houthandelaar voor Oud Hout in Nederland","og_description":"Ontdek de grootste collectie oud hout voor zakelijk en particulier gebruik. Altijd op voorraad, op maat gezaagd en leverbaar in grote partijen. Bekijk onze collectie!","og_url":"https:\/\/www.houtmethistorie.nl\/de\/","og_site_name":"Hout met Historie","article_publisher":"https:\/\/www.facebook.com\/houtmethistorie","article_modified_time":"2024-07-04T14:28:39+00:00","og_image":[{"width":744,"height":744,"url":"https:\/\/www.houtmethistorie.nl\/wp-content\/uploads\/2020\/11\/hout-met-historie.jpg","type":"image\/jpeg"}],"twitter_card":"summary_large_image","twitter_misc":{"Gesch\u00e4tzte Lesezeit":"4\u00a0Minuten"},"schema":{"@context":"https:\/\/schema.org","@graph":[{"@type":"WebPage","@id":"https:\/\/www.houtmethistorie.nl\/","url":"https:\/\/www.houtmethistorie.nl\/","name":"Holz mit Geschichte - #1 Holzh\u00e4ndler f\u00fcr Altholz in den Niederlanden","isPartOf":{"@id":"https:\/\/www.houtmethistorie.nl\/#website"},"primaryImageOfPage":{"@id":"https:\/\/www.houtmethistorie.nl\/#primaryimage"},"image":{"@id":"https:\/\/www.houtmethistorie.nl\/#primaryimage"},"thumbnailUrl":"https:\/\/www.houtmethistorie.nl\/wp-content\/uploads\/2020\/11\/hout-met-historie.jpg","datePublished":"2017-09-07T14:16:37+00:00","dateModified":"2024-07-04T14:28:39+00:00","description":"Entdecken Sie die gr\u00f6\u00dfte Sammlung von Altholz f\u00fcr den gewerblichen und privaten Gebrauch. Immer auf Lager, auf Ma\u00df geschnitten und in gro\u00dfen Mengen verf\u00fcgbar. Sehen Sie sich unsere Kollektion an!","breadcrumb":{"@id":"https:\/\/www.houtmethistorie.nl\/#breadcrumb"},"inLanguage":"de","potentialAction":[{"@type":"ReadAction","target":["https:\/\/www.houtmethistorie.nl\/"]}]},{"@type":"ImageObject","inLanguage":"de","@id":"https:\/\/www.houtmethistorie.nl\/#primaryimage","url":"https:\/\/www.houtmethistorie.nl\/wp-content\/uploads\/2020\/11\/hout-met-historie.jpg","contentUrl":"https:\/\/www.houtmethistorie.nl\/wp-content\/uploads\/2020\/11\/hout-met-historie.jpg","width":744,"height":744},{"@type":"BreadcrumbList","@id":"https:\/\/www.houtmethistorie.nl\/#breadcrumb","itemListElement":[{"@type":"ListItem","position":1,"name":"Home","item":"https:\/\/www.houtmethistorie.nl\/"},{"@type":"ListItem","position":2,"name":"Home"}]},{"@type":"WebSite","@id":"https:\/\/www.houtmethistorie.nl\/#website","url":"https:\/\/www.houtmethistorie.nl\/","name":"Holz mit Geschichte","description":"","publisher":{"@id":"https:\/\/www.houtmethistorie.nl\/#organization"},"potentialAction":[{"@type":"SearchAction","target":{"@type":"EntryPoint","urlTemplate":"https:\/\/www.houtmethistorie.nl\/?s={search_term_string}"},"query-input":{"@type":"PropertyValueSpecification","valueRequired":true,"valueName":"search_term_string"}}],"inLanguage":"de"},{"@type":"Organization","@id":"https:\/\/www.houtmethistorie.nl\/#organization","name":"Holz mit Geschichte","url":"https:\/\/www.houtmethistorie.nl\/","logo":{"@type":"ImageObject","inLanguage":"de","@id":"https:\/\/www.houtmethistorie.nl\/#\/schema\/logo\/image\/","url":"https:\/\/www.houtmethistorie.nl\/wp-content\/uploads\/logo.svg","contentUrl":"https:\/\/www.houtmethistorie.nl\/wp-content\/uploads\/logo.svg","width":1,"height":1,"caption":"Hout met Historie"},"image":{"@id":"https:\/\/www.houtmethistorie.nl\/#\/schema\/logo\/image\/"},"sameAs":["https:\/\/www.facebook.com\/houtmethistorie","https:\/\/www.instagram.com\/houtmethistorie\/","https:\/\/nl.pinterest.com\/houtmethistorie\/"]}]}},"_links":{"self":[{"href":"https:\/\/www.houtmethistorie.nl\/de\/wp-json\/wp\/v2\/pages\/32","targetHints":{"allow":["GET"]}}],"collection":[{"href":"https:\/\/www.houtmethistorie.nl\/de\/wp-json\/wp\/v2\/pages"}],"about":[{"href":"https:\/\/www.houtmethistorie.nl\/de\/wp-json\/wp\/v2\/types\/page"}],"author":[{"embeddable":true,"href":"https:\/\/www.houtmethistorie.nl\/de\/wp-json\/wp\/v2\/users\/2"}],"replies":[{"embeddable":true,"href":"https:\/\/www.houtmethistorie.nl\/de\/wp-json\/wp\/v2\/comments?post=32"}],"version-history":[{"count":14,"href":"https:\/\/www.houtmethistorie.nl\/de\/wp-json\/wp\/v2\/pages\/32\/revisions"}],"predecessor-version":[{"id":2297,"href":"https:\/\/www.houtmethistorie.nl\/de\/wp-json\/wp\/v2\/pages\/32\/revisions\/2297"}],"wp:featuredmedia":[{"embeddable":true,"href":"https:\/\/www.houtmethistorie.nl\/de\/wp-json\/wp\/v2\/media\/1324"}],"wp:attachment":[{"href":"https:\/\/www.houtmethistorie.nl\/de\/wp-json\/wp\/v2\/media?parent=32"}],"curies":[{"name":"wp","href":"https:\/\/api.w.org\/{rel}","templated":true}]}}